{"id":1501,"date":"2023-02-09T19:22:39","date_gmt":"2023-02-09T18:22:39","guid":{"rendered":"https:\/\/daad-demenagement.fr\/?page_id=1501"},"modified":"2023-02-26T23:43:35","modified_gmt":"2023-02-26T22:43:35","slug":"entreprises","status":"publish","type":"page","link":"https:\/\/daad-demenagement.fr\/index.php\/entreprises\/","title":{"rendered":"Entreprises"},"content":{"rendered":"\t\t<div data-elementor-type=\"wp-post\" data-elementor-id=\"1501\" class=\"elementor elementor-1501\">\n\t\t\t\t\t\t<section class=\"elementor-section elementor-top-section elementor-element elementor-element-c2a3bc8 elementor-section-boxed elementor-section-height-default elementor-section-height-default\" data-id=\"c2a3bc8\" data-element_type=\"section\" data-settings=\"{&quot;background_background&quot;:&quot;classic&quot;}\">\n\t\t\t\t\t\t\t<div class=\"elementor-background-overlay\"><\/div>\n\t\t\t\t\t\t\t<div class=\"elementor-container elementor-column-gap-no\">\n\t\t\t\t\t<div class=\"elementor-column elementor-col-100 elementor-top-column elementor-element elementor-element-26c71c5\" data-id=\"26c71c5\" data-element_type=\"column\">\n\t\t\t<div class=\"elementor-widget-wrap elementor-element-populated\">\n\t\t\t\t\t\t<div class=\"elementor-element elementor-element-f23a1e2 elementor-widget elementor-widget-heading\" data-id=\"f23a1e2\" data-element_type=\"widget\" data-widget_type=\"heading.default\">\n\t\t\t\t<div class=\"elementor-widget-container\">\n\t\t\t<style>\/*! elementor - v3.20.0 - 20-03-2024 *\/\n.elementor-heading-title{padding:0;margin:0;line-height:1}.elementor-widget-heading .elementor-heading-title[class*=elementor-size-]>a{color:inherit;font-size:inherit;line-height:inherit}.elementor-widget-heading .elementor-heading-title.elementor-size-small{font-size:15px}.elementor-widget-heading .elementor-heading-title.elementor-size-medium{font-size:19px}.elementor-widget-heading .elementor-heading-title.elementor-size-large{font-size:29px}.elementor-widget-heading .elementor-heading-title.elementor-size-xl{font-size:39px}.elementor-widget-heading .elementor-heading-title.elementor-size-xxl{font-size:59px}<\/style><h1 class=\"elementor-heading-title elementor-size-default\">D\u00e9m\u00e9nagement pour les entreprises<\/h1>\t\t<\/div>\n\t\t\t\t<\/div>\n\t\t\t\t\t<\/div>\n\t\t<\/div>\n\t\t\t\t\t<\/div>\n\t\t<\/section>\n\t\t\t\t<section class=\"elementor-section elementor-top-section elementor-element elementor-element-b87224d elementor-section-boxed elementor-section-height-default elementor-section-height-default\" data-id=\"b87224d\" data-element_type=\"section\" data-settings=\"{&quot;background_background&quot;:&quot;classic&quot;}\">\n\t\t\t\t\t\t<div class=\"elementor-container elementor-column-gap-no\">\n\t\t\t\t\t<div class=\"elementor-column elementor-col-100 elementor-top-column elementor-element elementor-element-ae7738f\" data-id=\"ae7738f\" data-element_type=\"column\">\n\t\t\t<div class=\"elementor-widget-wrap elementor-element-populated\">\n\t\t\t\t\t\t<section class=\"elementor-section elementor-inner-section elementor-element elementor-element-bbea954 elementor-section-content-middle elementor-section-boxed elementor-section-height-default elementor-section-height-default\" data-id=\"bbea954\" data-element_type=\"section\">\n\t\t\t\t\t\t<div class=\"elementor-container elementor-column-gap-no\">\n\t\t\t\t\t<div class=\"elementor-column elementor-col-50 elementor-inner-column elementor-element elementor-element-f39e09c elementor-invisible\" data-id=\"f39e09c\" data-element_type=\"column\" data-settings=\"{&quot;background_background&quot;:&quot;classic&quot;,&quot;animation&quot;:&quot;fadeInLeft&quot;}\">\n\t\t\t<div class=\"elementor-widget-wrap elementor-element-populated\">\n\t\t\t\t\t<div class=\"elementor-background-overlay\"><\/div>\n\t\t\t\t\t\t<div class=\"elementor-element elementor-element-1f3b38a elementor-widget elementor-widget-image\" data-id=\"1f3b38a\" data-element_type=\"widget\" data-widget_type=\"image.default\">\n\t\t\t\t<div class=\"elementor-widget-container\">\n\t\t\t<style>\/*! elementor - v3.20.0 - 20-03-2024 *\/\n.elementor-widget-image{text-align:center}.elementor-widget-image a{display:inline-block}.elementor-widget-image a img[src$=\".svg\"]{width:48px}.elementor-widget-image img{vertical-align:middle;display:inline-block}<\/style>\t\t\t\t\t\t\t\t\t\t<img decoding=\"async\" src=\"https:\/\/daad-demenagement.fr\/wp-content\/uploads\/elementor\/thumbs\/damir-kopezhanov-nC6CyrVBtkU-unsplash-q1x4942wusatny378unculjb7iynh1useo9icddc80.jpg\" title=\"damir-kopezhanov-nC6CyrVBtkU-unsplash\" alt=\"damir-kopezhanov-nC6CyrVBtkU-unsplash\" loading=\"lazy\" \/>\t\t\t\t\t\t\t\t\t\t\t\t\t<\/div>\n\t\t\t\t<\/div>\n\t\t\t\t\t<\/div>\n\t\t<\/div>\n\t\t\t\t<div class=\"elementor-column elementor-col-50 elementor-inner-column elementor-element elementor-element-939e54f elementor-invisible\" data-id=\"939e54f\" data-element_type=\"column\" data-settings=\"{&quot;animation&quot;:&quot;fadeInRight&quot;}\">\n\t\t\t<div class=\"elementor-widget-wrap elementor-element-populated\">\n\t\t\t\t\t\t<div class=\"elementor-element elementor-element-b824430 elementor-widget elementor-widget-heading\" data-id=\"b824430\" data-element_type=\"widget\" data-widget_type=\"heading.default\">\n\t\t\t\t<div class=\"elementor-widget-container\">\n\t\t\t<h2 class=\"elementor-heading-title elementor-size-default\">D\u00e9m\u00e9nagement de votre Entreprise : d\u00e9placement de votre local et de vos \u00e9quipements.<\/h2>\t\t<\/div>\n\t\t\t\t<\/div>\n\t\t\t\t<div class=\"elementor-element elementor-element-a787132 elementor-widget elementor-widget-text-editor\" data-id=\"a787132\" data-element_type=\"widget\" data-widget_type=\"text-editor.default\">\n\t\t\t\t<div class=\"elementor-widget-container\">\n\t\t\t<style>\/*! elementor - v3.20.0 - 20-03-2024 *\/\n.elementor-widget-text-editor.elementor-drop-cap-view-stacked .elementor-drop-cap{background-color:#69727d;color:#fff}.elementor-widget-text-editor.elementor-drop-cap-view-framed .elementor-drop-cap{color:#69727d;border:3px solid;background-color:transparent}.elementor-widget-text-editor:not(.elementor-drop-cap-view-default) .elementor-drop-cap{margin-top:8px}.elementor-widget-text-editor:not(.elementor-drop-cap-view-default) .elementor-drop-cap-letter{width:1em;height:1em}.elementor-widget-text-editor .elementor-drop-cap{float:left;text-align:center;line-height:1;font-size:50px}.elementor-widget-text-editor .elementor-drop-cap-letter{display:inline-block}<\/style>\t\t\t\t<p>Le d\u00e9m\u00e9nagement d&rsquo;une entreprise est un projet complexe qui requiert organisation et attention aux d\u00e9tails. Daad D\u00e9m\u00e9nagement vous accompagne tout au long du processus en prenant en compte vos besoins et les sp\u00e9cificit\u00e9s de votre entreprise. Nous offrons des solutions de d\u00e9m\u00e9nagement sur mesure pour transf\u00e9rer votre entreprise de Lyon vers n&rsquo;importe o\u00f9 en France, y compris le mat\u00e9riel, les \u00e9quipements informatiques, les archives, les machines industrielles et le mobilier professionnel.<\/p><p>Pour toute demande de d\u00e9m\u00e9nagement d&rsquo;entreprise, n&rsquo;h\u00e9sitez pas \u00e0 nous contacter. Nos d\u00e9m\u00e9nageurs sont \u00e0 votre disposition pour vous fournir des conseils et un devis gratuit pour votre d\u00e9m\u00e9nagement d&rsquo;entreprise ou <a href=\"https:\/\/daad-demenagement.fr\/index.php\/particuliers\/\"><strong>particulier<\/strong><\/a>.<\/p>\t\t\t\t\t\t<\/div>\n\t\t\t\t<\/div>\n\t\t\t\t<div class=\"elementor-element elementor-element-85485d6 elementor-mobile-align-center elementor-align-center elementor-widget elementor-widget-button\" data-id=\"85485d6\" data-element_type=\"widget\" data-widget_type=\"button.default\">\n\t\t\t\t<div class=\"elementor-widget-container\">\n\t\t\t\t\t<div class=\"elementor-button-wrapper\">\n\t\t\t<a class=\"elementor-button elementor-button-link elementor-size-sm\" href=\"https:\/\/daad-demenagement.fr\/#devis\">\n\t\t\t\t\t\t<span class=\"elementor-button-content-wrapper\">\n\t\t\t\t\t\t<span class=\"elementor-button-icon elementor-align-icon-right\">\n\t\t\t\t<i aria-hidden=\"true\" class=\"fas fa-long-arrow-alt-right\"><\/i>\t\t\t<\/span>\n\t\t\t\t\t\t<span class=\"elementor-button-text\">Devis sur Mesure<\/span>\n\t\t<\/span>\n\t\t\t\t\t<\/a>\n\t\t<\/div>\n\t\t\t\t<\/div>\n\t\t\t\t<\/div>\n\t\t\t\t\t<\/div>\n\t\t<\/div>\n\t\t\t\t\t<\/div>\n\t\t<\/section>\n\t\t\t\t\t<\/div>\n\t\t<\/div>\n\t\t\t\t\t<\/div>\n\t\t<\/section>\n\t\t\t\t<section class=\"elementor-section elementor-top-section elementor-element elementor-element-8cedc30 elementor-section-boxed elementor-section-height-default elementor-section-height-default\" data-id=\"8cedc30\" data-element_type=\"section\">\n\t\t\t\t\t\t<div class=\"elementor-container elementor-column-gap-default\">\n\t\t\t\t\t<div class=\"elementor-column elementor-col-100 elementor-top-column elementor-element elementor-element-2ed4723 elementor-invisible\" data-id=\"2ed4723\" data-element_type=\"column\" data-settings=\"{&quot;animation&quot;:&quot;fadeInLeft&quot;}\">\n\t\t\t<div class=\"elementor-widget-wrap elementor-element-populated\">\n\t\t\t\t\t\t<div class=\"elementor-element elementor-element-77a1e36 elementor-cta--skin-classic elementor-animated-content elementor-bg-transform elementor-bg-transform-zoom-in elementor-widget elementor-widget-call-to-action\" data-id=\"77a1e36\" data-element_type=\"widget\" data-widget_type=\"call-to-action.default\">\n\t\t\t\t<div class=\"elementor-widget-container\">\n\t\t\t<link rel=\"stylesheet\" href=\"https:\/\/daad-demenagement.fr\/wp-content\/plugins\/elementor-pro\/assets\/css\/widget-call-to-action.min.css\">\t\t<div class=\"elementor-cta\">\n\t\t\t\t\t<div class=\"elementor-cta__bg-wrapper\">\n\t\t\t\t<div class=\"elementor-cta__bg elementor-bg\" style=\"background-image: url(https:\/\/daad-demenagement.fr\/wp-content\/uploads\/2023\/02\/nathan-van-egmond-9LMRQdVv7hw-unsplash-1024x683.jpg);\"><\/div>\n\t\t\t\t<div class=\"elementor-cta__bg-overlay\"><\/div>\n\t\t\t<\/div>\n\t\t\t\t\t\t\t<div class=\"elementor-cta__content\">\n\t\t\t\t\n\t\t\t\t<h2 class=\"elementor-cta__title elementor-cta__content-item elementor-content-item\">D\u00e9m\u00e9nagements particuliers<\/h2>\n\t\t\t\t\t\t\t\t\t<div class=\"elementor-cta__description elementor-cta__content-item elementor-content-item\">\n\t\t\t\t\t\tVous \u00eates un particulier et avez besoin de d\u00e9m\u00e9nager ?\t\t\t\t\t<\/div>\n\t\t\t\t\n\t\t\t\t\t\t\t\t\t<div class=\"elementor-cta__button-wrapper elementor-cta__content-item elementor-content-item \">\n\t\t\t\t\t<a class=\"elementor-cta__button elementor-button elementor-size-sm\" href=\"https:\/\/daad-demenagement.fr\/index.php\/particuliers\/\">\n\t\t\t\t\t\tVoir les formules de d\u00e9m\u00e9nagement cl\u00e9 en main\t\t\t\t\t<\/a>\n\t\t\t\t\t<\/div>\n\t\t\t\t\t\t\t<\/div>\n\t\t\t\t\t\t<\/div>\n\t\t\t\t<\/div>\n\t\t\t\t<\/div>\n\t\t\t\t\t<\/div>\n\t\t<\/div>\n\t\t\t\t\t<\/div>\n\t\t<\/section>\n\t\t\t\t<\/div>\n\t\t","protected":false},"excerpt":{"rendered":"<p>D\u00e9m\u00e9nagement pour les entreprises D\u00e9m\u00e9nagement de votre Entreprise : d\u00e9placement de votre local et de vos \u00e9quipements. Le d\u00e9m\u00e9nagement d&rsquo;une entreprise est un projet complexe qui requiert organisation et attention aux d\u00e9tails. Daad D\u00e9m\u00e9nagement vous accompagne tout au long du processus en prenant en compte vos besoins et les sp\u00e9cificit\u00e9s de votre entreprise. Nous offrons &hellip;<\/p>\n<p class=\"read-more\"> <a class=\"\" href=\"https:\/\/daad-demenagement.fr\/index.php\/entreprises\/\"> <span class=\"screen-reader-text\">Entreprises<\/span> Lire la suite\u00a0\u00bb<\/a><\/p>\n","protected":false},"author":1,"featured_media":0,"parent":0,"menu_order":0,"comment_status":"closed","ping_status":"closed","template":"","meta":{"_monsterinsights_skip_tracking":false,"_monsterinsights_sitenote_active":false,"_monsterinsights_sitenote_note":"","_monsterinsights_sitenote_category":0,"site-sidebar-layout":"no-sidebar","site-content-layout":"page-builder","ast-global-header-display":"","ast-main-header-display":"","ast-hfb-above-header-display":"","ast-hfb-below-header-display":"","ast-hfb-mobile-header-display":"","site-post-title":"disabled","ast-breadcrumbs-content":"","ast-featured-img":"disabled","footer-sml-layout":"","theme-transparent-header-meta":"enabled","adv-header-id-meta":"","stick-header-meta":"","header-above-stick-meta":"","header-main-stick-meta":"","header-below-stick-meta":"","footnotes":""},"yoast_head":"<!-- This site is optimized with the Yoast SEO plugin v20.2.1 - https:\/\/yoast.com\/wordpress\/plugins\/seo\/ -->\n<title>Entreprises - Daad demenagement<\/title>\n<meta name=\"description\" content=\"Daad D\u00e9m\u00e9nagement, votre partenaire pour le d\u00e9m\u00e9nagement d&#039;entreprise en France. Solutions sur mesure, conseils et devis gratuit.\" \/>\n<meta name=\"robots\" content=\"index, follow, max-snippet:-1, max-image-preview:large, max-video-preview:-1\" \/>\n<link rel=\"canonical\" href=\"https:\/\/daad-demenagement.fr\/index.php\/entreprises\/\" \/>\n<meta property=\"og:locale\" content=\"fr_FR\" \/>\n<meta property=\"og:type\" content=\"article\" \/>\n<meta property=\"og:title\" content=\"Entreprises - Daad demenagement\" \/>\n<meta property=\"og:description\" content=\"Daad D\u00e9m\u00e9nagement, votre partenaire pour le d\u00e9m\u00e9nagement d&#039;entreprise en France. Solutions sur mesure, conseils et devis gratuit.\" \/>\n<meta property=\"og:url\" content=\"https:\/\/daad-demenagement.fr\/index.php\/entreprises\/\" \/>\n<meta property=\"og:site_name\" content=\"Daad demenagement\" \/>\n<meta property=\"article:modified_time\" content=\"2023-02-26T22:43:35+00:00\" \/>\n<meta property=\"og:image\" content=\"https:\/\/daad-demenagement.fr\/wp-content\/uploads\/elementor\/thumbs\/damir-kopezhanov-nC6CyrVBtkU-unsplash-q1x4942wusatny378unculjb7iynh1useo9icddc80.jpg\" \/>\n<meta name=\"twitter:card\" content=\"summary_large_image\" \/>\n<meta name=\"twitter:label1\" content=\"Dur\u00e9e de lecture estim\u00e9e\" \/>\n\t<meta name=\"twitter:data1\" content=\"1 minute\" \/>\n<script type=\"application\/ld+json\" class=\"yoast-schema-graph\">{\"@context\":\"https:\/\/schema.org\",\"@graph\":[{\"@type\":\"WebPage\",\"@id\":\"https:\/\/daad-demenagement.fr\/index.php\/entreprises\/\",\"url\":\"https:\/\/daad-demenagement.fr\/index.php\/entreprises\/\",\"name\":\"Entreprises - Daad demenagement\",\"isPartOf\":{\"@id\":\"https:\/\/daad-demenagement.fr\/#website\"},\"datePublished\":\"2023-02-09T18:22:39+00:00\",\"dateModified\":\"2023-02-26T22:43:35+00:00\",\"description\":\"Daad D\u00e9m\u00e9nagement, votre partenaire pour le d\u00e9m\u00e9nagement d'entreprise en France. Solutions sur mesure, conseils et devis gratuit.\",\"breadcrumb\":{\"@id\":\"https:\/\/daad-demenagement.fr\/index.php\/entreprises\/#breadcrumb\"},\"inLanguage\":\"fr-FR\",\"potentialAction\":[{\"@type\":\"ReadAction\",\"target\":[\"https:\/\/daad-demenagement.fr\/index.php\/entreprises\/\"]}]},{\"@type\":\"BreadcrumbList\",\"@id\":\"https:\/\/daad-demenagement.fr\/index.php\/entreprises\/#breadcrumb\",\"itemListElement\":[{\"@type\":\"ListItem\",\"position\":1,\"name\":\"Home\",\"item\":\"https:\/\/daad-demenagement.fr\/\"},{\"@type\":\"ListItem\",\"position\":2,\"name\":\"Entreprises\"}]},{\"@type\":\"WebSite\",\"@id\":\"https:\/\/daad-demenagement.fr\/#website\",\"url\":\"https:\/\/daad-demenagement.fr\/\",\"name\":\"Daad demenagement\",\"description\":\"\",\"publisher\":{\"@id\":\"https:\/\/daad-demenagement.fr\/#organization\"},\"potentialAction\":[{\"@type\":\"SearchAction\",\"target\":{\"@type\":\"EntryPoint\",\"urlTemplate\":\"https:\/\/daad-demenagement.fr\/?s={search_term_string}\"},\"query-input\":\"required name=search_term_string\"}],\"inLanguage\":\"fr-FR\"},{\"@type\":\"Organization\",\"@id\":\"https:\/\/daad-demenagement.fr\/#organization\",\"name\":\"Daad demenagement\",\"url\":\"https:\/\/daad-demenagement.fr\/\",\"logo\":{\"@type\":\"ImageObject\",\"inLanguage\":\"fr-FR\",\"@id\":\"https:\/\/daad-demenagement.fr\/#\/schema\/logo\/image\/\",\"url\":\"https:\/\/daad-demenagement.fr\/wp-content\/uploads\/2020\/02\/logo-web-transparent.png\",\"contentUrl\":\"https:\/\/daad-demenagement.fr\/wp-content\/uploads\/2020\/02\/logo-web-transparent.png\",\"width\":500,\"height\":196,\"caption\":\"Daad demenagement\"},\"image\":{\"@id\":\"https:\/\/daad-demenagement.fr\/#\/schema\/logo\/image\/\"}}]}<\/script>\n<!-- \/ Yoast SEO plugin. -->","yoast_head_json":{"title":"Entreprises - Daad demenagement","description":"Daad D\u00e9m\u00e9nagement, votre partenaire pour le d\u00e9m\u00e9nagement d'entreprise en France. Solutions sur mesure, conseils et devis gratuit.","robots":{"index":"index","follow":"follow","max-snippet":"max-snippet:-1","max-image-preview":"max-image-preview:large","max-video-preview":"max-video-preview:-1"},"canonical":"https:\/\/daad-demenagement.fr\/index.php\/entreprises\/","og_locale":"fr_FR","og_type":"article","og_title":"Entreprises - Daad demenagement","og_description":"Daad D\u00e9m\u00e9nagement, votre partenaire pour le d\u00e9m\u00e9nagement d'entreprise en France. Solutions sur mesure, conseils et devis gratuit.","og_url":"https:\/\/daad-demenagement.fr\/index.php\/entreprises\/","og_site_name":"Daad demenagement","article_modified_time":"2023-02-26T22:43:35+00:00","og_image":[{"url":"https:\/\/daad-demenagement.fr\/wp-content\/uploads\/elementor\/thumbs\/damir-kopezhanov-nC6CyrVBtkU-unsplash-q1x4942wusatny378unculjb7iynh1useo9icddc80.jpg"}],"twitter_card":"summary_large_image","twitter_misc":{"Dur\u00e9e de lecture estim\u00e9e":"1 minute"},"schema":{"@context":"https:\/\/schema.org","@graph":[{"@type":"WebPage","@id":"https:\/\/daad-demenagement.fr\/index.php\/entreprises\/","url":"https:\/\/daad-demenagement.fr\/index.php\/entreprises\/","name":"Entreprises - Daad demenagement","isPartOf":{"@id":"https:\/\/daad-demenagement.fr\/#website"},"datePublished":"2023-02-09T18:22:39+00:00","dateModified":"2023-02-26T22:43:35+00:00","description":"Daad D\u00e9m\u00e9nagement, votre partenaire pour le d\u00e9m\u00e9nagement d'entreprise en France. Solutions sur mesure, conseils et devis gratuit.","breadcrumb":{"@id":"https:\/\/daad-demenagement.fr\/index.php\/entreprises\/#breadcrumb"},"inLanguage":"fr-FR","potentialAction":[{"@type":"ReadAction","target":["https:\/\/daad-demenagement.fr\/index.php\/entreprises\/"]}]},{"@type":"BreadcrumbList","@id":"https:\/\/daad-demenagement.fr\/index.php\/entreprises\/#breadcrumb","itemListElement":[{"@type":"ListItem","position":1,"name":"Home","item":"https:\/\/daad-demenagement.fr\/"},{"@type":"ListItem","position":2,"name":"Entreprises"}]},{"@type":"WebSite","@id":"https:\/\/daad-demenagement.fr\/#website","url":"https:\/\/daad-demenagement.fr\/","name":"Daad demenagement","description":"","publisher":{"@id":"https:\/\/daad-demenagement.fr\/#organization"},"potentialAction":[{"@type":"SearchAction","target":{"@type":"EntryPoint","urlTemplate":"https:\/\/daad-demenagement.fr\/?s={search_term_string}"},"query-input":"required name=search_term_string"}],"inLanguage":"fr-FR"},{"@type":"Organization","@id":"https:\/\/daad-demenagement.fr\/#organization","name":"Daad demenagement","url":"https:\/\/daad-demenagement.fr\/","logo":{"@type":"ImageObject","inLanguage":"fr-FR","@id":"https:\/\/daad-demenagement.fr\/#\/schema\/logo\/image\/","url":"https:\/\/daad-demenagement.fr\/wp-content\/uploads\/2020\/02\/logo-web-transparent.png","contentUrl":"https:\/\/daad-demenagement.fr\/wp-content\/uploads\/2020\/02\/logo-web-transparent.png","width":500,"height":196,"caption":"Daad demenagement"},"image":{"@id":"https:\/\/daad-demenagement.fr\/#\/schema\/logo\/image\/"}}]}},"_links":{"self":[{"href":"https:\/\/daad-demenagement.fr\/index.php\/wp-json\/wp\/v2\/pages\/1501"}],"collection":[{"href":"https:\/\/daad-demenagement.fr\/index.php\/wp-json\/wp\/v2\/pages"}],"about":[{"href":"https:\/\/daad-demenagement.fr\/index.php\/wp-json\/wp\/v2\/types\/page"}],"author":[{"embeddable":true,"href":"https:\/\/daad-demenagement.fr\/index.php\/wp-json\/wp\/v2\/users\/1"}],"replies":[{"embeddable":true,"href":"https:\/\/daad-demenagement.fr\/index.php\/wp-json\/wp\/v2\/comments?post=1501"}],"version-history":[{"count":27,"href":"https:\/\/daad-demenagement.fr\/index.php\/wp-json\/wp\/v2\/pages\/1501\/revisions"}],"predecessor-version":[{"id":2082,"href":"https:\/\/daad-demenagement.fr\/index.php\/wp-json\/wp\/v2\/pages\/1501\/revisions\/2082"}],"wp:attachment":[{"href":"https:\/\/daad-demenagement.fr\/index.php\/wp-json\/wp\/v2\/media?parent=1501"}],"curies":[{"name":"wp","href":"https:\/\/api.w.org\/{rel}","templated":true}]}}